{"id":1059,"date":"2024-09-08T23:33:25","date_gmt":"2024-09-08T21:33:25","guid":{"rendered":"https:\/\/bariatrica.com\/?page_id=1059"},"modified":"2024-09-17T17:35:36","modified_gmt":"2024-09-17T15:35:36","slug":"que-esperar","status":"publish","type":"page","link":"https:\/\/bariatrica.com\/en\/pacientes\/que-esperar\/","title":{"rendered":"What to expect?"},"content":{"rendered":"<div data-elementor-type=\"wp-page\" data-elementor-id=\"1059\" class=\"elementor elementor-1059\" data-elementor-post-type=\"page\">\n\t\t\t\t<div class=\"elementor-element elementor-element-af9d0ad e-flex e-con-boxed e-con e-parent\" data-id=\"af9d0ad\" data-element_type=\"container\" data-settings=\"{&quot;background_background&quot;:&quot;classic&quot;}\">\n\t\t\t\t\t<div class=\"e-con-inner\">\n\t\t\t\t<div class=\"elementor-element elementor-element-7ecb3b2 elementor-widget elementor-widget-heading\" data-id=\"7ecb3b2\" data-element_type=\"widget\" data-widget_type=\"heading.default\">\n\t\t\t\t<div class=\"elementor-widget-container\">\n\t\t\t\t\t<h1 class=\"elementor-heading-title elementor-size-default\">What to expect?<\/h1>\t\t\t\t<\/div>\n\t\t\t\t<\/div>\n\t\t\t\t\t<\/div>\n\t\t\t\t<\/div>\n\t\t<div class=\"elementor-element elementor-element-c87658d e-con-full e-flex e-con e-parent\" data-id=\"c87658d\" data-element_type=\"container\">\n\t\t<div class=\"elementor-element elementor-element-4da6853 e-con-full e-flex e-con e-child\" data-id=\"4da6853\" data-element_type=\"container\">\n\t\t\t\t<div class=\"elementor-element elementor-element-75f0c77 elementor-widget elementor-widget-image\" data-id=\"75f0c77\" data-element_type=\"widget\" data-widget_type=\"image.default\">\n\t\t\t\t<div class=\"elementor-widget-container\">\n\t\t\t\t\t\t\t\t\t\t\t\t\t\t\t<img fetchpriority=\"high\" decoding=\"async\" width=\"850\" height=\"550\" src=\"https:\/\/bariatrica.com\/wp-content\/uploads\/2024\/09\/pacientes-que-esperar-1.webp\" class=\"attachment-full size-full wp-image-1077\" alt=\"\" srcset=\"https:\/\/bariatrica.com\/wp-content\/uploads\/2024\/09\/pacientes-que-esperar-1.webp 850w, https:\/\/bariatrica.com\/wp-content\/uploads\/2024\/09\/pacientes-que-esperar-1-300x194.webp 300w, https:\/\/bariatrica.com\/wp-content\/uploads\/2024\/09\/pacientes-que-esperar-1-768x497.webp 768w\" sizes=\"(max-width: 850px) 100vw, 850px\" \/>\t\t\t\t\t\t\t\t\t\t\t\t\t\t\t<\/div>\n\t\t\t\t<\/div>\n\t\t\t\t<\/div>\n\t\t<div class=\"elementor-element elementor-element-92ae3b5 e-con-full e-flex e-con e-child\" data-id=\"92ae3b5\" data-element_type=\"container\">\n\t\t\t\t<div class=\"elementor-element elementor-element-3bdc2e5 elementor-widget-tablet__width-initial elementor-widget__width-initial elementor-widget elementor-widget-heading\" data-id=\"3bdc2e5\" data-element_type=\"widget\" data-widget_type=\"heading.default\">\n\t\t\t\t<div class=\"elementor-widget-container\">\n\t\t\t\t\t<h2 class=\"elementor-heading-title elementor-size-default\">Preoperative Preparation<\/h2>\t\t\t\t<\/div>\n\t\t\t\t<\/div>\n\t\t\t\t<div class=\"elementor-element elementor-element-5790d56 elementor-widget__width-initial elementor-widget elementor-widget-text-editor\" data-id=\"5790d56\" data-element_type=\"widget\" data-widget_type=\"text-editor.default\">\n\t\t\t\t<div class=\"elementor-widget-container\">\n\t\t\t\t\t\t\t\t\t<p><strong>1. Laboratory analysis<\/strong><br \/><strong>2. Pre-surgical procedures<\/strong><br \/><strong>3. Pre-surgical evaluations<\/strong><\/p><ul><li>Chest X-rays (Pa\/Lateral)<\/li><li>Echocardiogram<\/li><li>Abdominal Sonography<\/li><li>Electrocardiogram<\/li><li>Thyroid Sonography<\/li><li>Diagnostic Gastroscopy\/Biopsy<\/li><li>Spirometry<\/li><li>Anesthesiology<\/li><li>Cardiovascular<\/li><li>Endocrinology<\/li><li>Psychiatry<\/li><li>Pulmonology<\/li><\/ul>\t\t\t\t\t\t\t\t<\/div>\n\t\t\t\t<\/div>\n\t\t\t\t<\/div>\n\t\t\t\t<\/div>\n\t\t<div class=\"elementor-element elementor-element-5817395 e-con-full e-flex e-con e-parent\" data-id=\"5817395\" data-element_type=\"container\">\n\t\t<div class=\"elementor-element elementor-element-b74dda1 e-con-full e-flex e-con e-child\" data-id=\"b74dda1\" data-element_type=\"container\">\n\t\t\t\t<div class=\"elementor-element elementor-element-168a28c elementor-widget__width-initial elementor-widget elementor-widget-heading\" data-id=\"168a28c\" data-element_type=\"widget\" data-widget_type=\"heading.default\">\n\t\t\t\t<div class=\"elementor-widget-container\">\n\t\t\t\t\t<h2 class=\"elementor-heading-title elementor-size-default\">Recovery and Monitoring<\/h2>\t\t\t\t<\/div>\n\t\t\t\t<\/div>\n\t\t\t\t<div class=\"elementor-element elementor-element-0463df4 elementor-widget__width-initial elementor-widget elementor-widget-text-editor\" data-id=\"0463df4\" data-element_type=\"widget\" data-widget_type=\"text-editor.default\">\n\t\t\t\t<div class=\"elementor-widget-container\">\n\t\t\t\t\t\t\t\t\t<p>Postoperative follow-up should include surgical and nutritional assessments at least every 6 months, and more frequently if necessary, for the first 2 postoperative years and at least annually thereafter. Even if patients experience diabetes remission, glycemic control monitoring should continue at the same frequency recommended for patients with prediabetes due to the potential for relapse. Long-term monitoring of micronutrient status, nutritional supplements, and support should be provided to patients after surgery, in accordance with national and international society guidelines.<\/p><p>After surgery, the patient will be followed periodically by a multidisciplinary team that includes surgeons, endocrinologists, nutritionists, psychiatrists, and general practitioners. Follow-up by specialists from different areas of health allows us to provide a much more comprehensive approach and is one of the factors that undoubtedly contribute to our patients&#039; success. Postoperative consultations are held weekly during the first month, biweekly during the second month, then monthly until the sixth month, every six months until the second year, and then annually thereafter.<\/p>\t\t\t\t\t\t\t\t<\/div>\n\t\t\t\t<\/div>\n\t\t\t\t<\/div>\n\t\t<div class=\"elementor-element elementor-element-7ff479c e-con-full e-flex e-con e-child\" data-id=\"7ff479c\" data-element_type=\"container\">\n\t\t\t\t<div class=\"elementor-element elementor-element-c1def3c elementor-widget elementor-widget-image\" data-id=\"c1def3c\" data-element_type=\"widget\" data-widget_type=\"image.default\">\n\t\t\t\t<div class=\"elementor-widget-container\">\n\t\t\t\t\t\t\t\t\t\t\t\t\t\t\t<img decoding=\"async\" width=\"850\" height=\"550\" src=\"https:\/\/bariatrica.com\/wp-content\/uploads\/2024\/09\/pacientes-que-esperar-2.webp\" class=\"attachment-full size-full wp-image-1078\" alt=\"\" srcset=\"https:\/\/bariatrica.com\/wp-content\/uploads\/2024\/09\/pacientes-que-esperar-2.webp 850w, https:\/\/bariatrica.com\/wp-content\/uploads\/2024\/09\/pacientes-que-esperar-2-300x194.webp 300w, https:\/\/bariatrica.com\/wp-content\/uploads\/2024\/09\/pacientes-que-esperar-2-768x497.webp 768w\" sizes=\"(max-width: 850px) 100vw, 850px\" \/>\t\t\t\t\t\t\t\t\t\t\t\t\t\t\t<\/div>\n\t\t\t\t<\/div>\n\t\t\t\t<\/div>\n\t\t\t\t<\/div>\n\t\t<div class=\"elementor-element elementor-element-f327dd6 e-con-full e-flex e-con e-parent\" data-id=\"f327dd6\" data-element_type=\"container\">\n\t\t\t\t<div class=\"elementor-element elementor-element-ae73f5f elementor-widget elementor-widget-template\" data-id=\"ae73f5f\" data-element_type=\"widget\" data-widget_type=\"template.default\">\n\t\t\t\t<div class=\"elementor-widget-container\">\n\t\t\t\t\t\t\t<div class=\"elementor-template\">\r\n\t\t\t\t\t<div data-elementor-type=\"section\" data-elementor-id=\"931\" class=\"elementor elementor-931\" data-elementor-post-type=\"elementor_library\">\r\n\t\t\t<div class=\"elementor-element elementor-element-48712a1 e-flex e-con-boxed e-con e-parent\" data-id=\"48712a1\" data-element_type=\"container\">\n\t\t\t\t\t<div class=\"e-con-inner\">\n\t\t\t\t<div class=\"elementor-element elementor-element-92651f6 elementor-widget elementor-widget-heading\" data-id=\"92651f6\" data-element_type=\"widget\" data-widget_type=\"heading.default\">\n\t\t\t\t<div class=\"elementor-widget-container\">\n\t\t\t\t\t<h6 class=\"elementor-heading-title elementor-size-default\"><a href=\"https:\/\/bariatrica.com\/en\/bibliografia\/\" target=\"_blank\" rel=\"nofollow\">Bibliographic sources<\/a><\/h6>\t\t\t\t<\/div>\n\t\t\t\t<\/div>\n\t\t\t\t\t<\/div>\n\t\t\t\t<\/div>\n\t\t\t\t<\/div>\r\n\t\t\t\t<\/div>\r\n\t\t\t\t\t\t<\/div>\n\t\t\t\t<\/div>\n\t\t\t\t<\/div>\n\t\t\t\t<\/div>","protected":false},"excerpt":{"rendered":"<p>Preparaci\u00f3n Preoperatoria 1. An\u00e1lisis de laboratorios2. Procedimientos prequir\u00fargicos3. Evaluaciones prequir\u00fargicas Radiograf\u00edas De T\u00f3rax (Pa\/Lateral) Ecocardiograma Sonograf\u00eda Abdominal Electrocardiograma Sonograf\u00eda Tiroidea Gastroscopia Diagn\u00f3stica\/Biopsia Espirometr\u00eda Anestesiolog\u00eda Cardiovascular Endocrinolog\u00eda Psiquiatr\u00eda Neumolog\u00eda Recuperaci\u00f3n y Seguimiento El seguimiento postoperatorio debe incluir evaluaciones quir\u00fargicas y nutricionales al menos cada 6 meses, y con mayor frecuencia si es necesario, durante los primeros [&hellip;]<\/p>","protected":false},"author":1,"featured_media":0,"parent":1057,"menu_order":0,"comment_status":"closed","ping_status":"closed","template":"elementor_header_footer","meta":{"_acf_changed":false,"inline_featured_image":false,"footnotes":""},"class_list":["post-1059","page","type-page","status-publish","hentry"],"acf":[],"aioseo_notices":[],"_links":{"self":[{"href":"https:\/\/bariatrica.com\/en\/wp-json\/wp\/v2\/pages\/1059","targetHints":{"allow":["GET"]}}],"collection":[{"href":"https:\/\/bariatrica.com\/en\/wp-json\/wp\/v2\/pages"}],"about":[{"href":"https:\/\/bariatrica.com\/en\/wp-json\/wp\/v2\/types\/page"}],"author":[{"embeddable":true,"href":"https:\/\/bariatrica.com\/en\/wp-json\/wp\/v2\/users\/1"}],"replies":[{"embeddable":true,"href":"https:\/\/bariatrica.com\/en\/wp-json\/wp\/v2\/comments?post=1059"}],"version-history":[{"count":28,"href":"https:\/\/bariatrica.com\/en\/wp-json\/wp\/v2\/pages\/1059\/revisions"}],"predecessor-version":[{"id":1777,"href":"https:\/\/bariatrica.com\/en\/wp-json\/wp\/v2\/pages\/1059\/revisions\/1777"}],"up":[{"embeddable":true,"href":"https:\/\/bariatrica.com\/en\/wp-json\/wp\/v2\/pages\/1057"}],"wp:attachment":[{"href":"https:\/\/bariatrica.com\/en\/wp-json\/wp\/v2\/media?parent=1059"}],"curies":[{"name":"wp","href":"https:\/\/api.w.org\/{rel}","templated":true}]}}