{"id":1065,"date":"2024-09-08T23:36:06","date_gmt":"2024-09-08T21:36:06","guid":{"rendered":"https:\/\/bariatrica.com\/?page_id=1065"},"modified":"2024-09-17T17:37:18","modified_gmt":"2024-09-17T15:37:18","slug":"grupo-de-apoyo","status":"publish","type":"page","link":"https:\/\/bariatrica.com\/en\/pacientes\/grupo-de-apoyo\/","title":{"rendered":"Support group"},"content":{"rendered":"<div data-elementor-type=\"wp-page\" data-elementor-id=\"1065\" class=\"elementor elementor-1065\" data-elementor-post-type=\"page\">\n\t\t\t\t<div class=\"elementor-element elementor-element-f1c2cce e-flex e-con-boxed e-con e-parent\" data-id=\"f1c2cce\" data-element_type=\"container\" data-settings=\"{&quot;background_background&quot;:&quot;classic&quot;}\">\n\t\t\t\t\t<div class=\"e-con-inner\">\n\t\t\t\t<div class=\"elementor-element elementor-element-e2ff21e elementor-widget elementor-widget-heading\" data-id=\"e2ff21e\" data-element_type=\"widget\" data-widget_type=\"heading.default\">\n\t\t\t\t<div class=\"elementor-widget-container\">\n\t\t\t\t\t<h1 class=\"elementor-heading-title elementor-size-default\">Support group<\/h1>\t\t\t\t<\/div>\n\t\t\t\t<\/div>\n\t\t\t\t\t<\/div>\n\t\t\t\t<\/div>\n\t\t<div class=\"elementor-element elementor-element-eb27e94 e-con-full e-flex e-con e-parent\" data-id=\"eb27e94\" data-element_type=\"container\">\n\t\t<div class=\"elementor-element elementor-element-346ad0e e-con-full e-flex e-con e-child\" data-id=\"346ad0e\" data-element_type=\"container\">\n\t\t\t\t<div class=\"elementor-element elementor-element-fa87784 elementor-widget elementor-widget-image\" data-id=\"fa87784\" data-element_type=\"widget\" data-widget_type=\"image.default\">\n\t\t\t\t<div class=\"elementor-widget-container\">\n\t\t\t\t\t\t\t\t\t\t\t\t\t\t\t<img fetchpriority=\"high\" decoding=\"async\" width=\"850\" height=\"550\" src=\"https:\/\/bariatrica.com\/wp-content\/uploads\/2024\/09\/pacientes-grupo-3.webp\" class=\"attachment-full size-full wp-image-1148\" alt=\"\" srcset=\"https:\/\/bariatrica.com\/wp-content\/uploads\/2024\/09\/pacientes-grupo-3.webp 850w, https:\/\/bariatrica.com\/wp-content\/uploads\/2024\/09\/pacientes-grupo-3-300x194.webp 300w, https:\/\/bariatrica.com\/wp-content\/uploads\/2024\/09\/pacientes-grupo-3-768x497.webp 768w\" sizes=\"(max-width: 850px) 100vw, 850px\" \/>\t\t\t\t\t\t\t\t\t\t\t\t\t\t\t<\/div>\n\t\t\t\t<\/div>\n\t\t\t\t<\/div>\n\t\t<div class=\"elementor-element elementor-element-8a41d08 e-con-full e-flex e-con e-child\" data-id=\"8a41d08\" data-element_type=\"container\">\n\t\t\t\t<div class=\"elementor-element elementor-element-ce6d7b7 elementor-widget-tablet__width-initial elementor-widget__width-initial elementor-widget elementor-widget-heading\" data-id=\"ce6d7b7\" data-element_type=\"widget\" data-widget_type=\"heading.default\">\n\t\t\t\t<div class=\"elementor-widget-container\">\n\t\t\t\t\t<h2 class=\"elementor-heading-title elementor-size-default\">Bariatric surgery is a powerful tool in itself for weight loss. <\/h2>\t\t\t\t<\/div>\n\t\t\t\t<\/div>\n\t\t\t\t<div class=\"elementor-element elementor-element-6d82665 elementor-widget__width-initial elementor-widget elementor-widget-text-editor\" data-id=\"6d82665\" data-element_type=\"widget\" data-widget_type=\"text-editor.default\">\n\t\t\t\t<div class=\"elementor-widget-container\">\n\t\t\t\t\t\t\t\t\t<p>However, as the medical literature shows, it is important to have a community component that helps patients achieve their desired weight and maintain it long-term.<\/p><p>Participation in support group activities can improve the outcomes achieved by post-op bariatric patients, including increased quality of life, reduced emotional distress, consistency in follow-up appointments, and a lower risk of returning to the unhealthy habits that led to obesity in the first place.<\/p><p>That&#039;s why IB patients have the support group led by Lic. Dayana Rodr\u00edguez of @GorditaFitRD as part of their post-surgical care, regardless of how many years have passed since their bariatric surgery.<\/p>\t\t\t\t\t\t\t\t<\/div>\n\t\t\t\t<\/div>\n\t\t\t\t<\/div>\n\t\t\t\t<\/div>\n\t\t<div class=\"elementor-element elementor-element-febb7ca e-con-full e-flex e-con e-parent\" data-id=\"febb7ca\" data-element_type=\"container\">\n\t\t<div class=\"elementor-element elementor-element-3f51f00 e-con-full e-flex e-con e-child\" data-id=\"3f51f00\" data-element_type=\"container\">\n\t\t\t\t<div class=\"elementor-element elementor-element-ef6ada5 elementor-widget__width-initial elementor-widget elementor-widget-heading\" data-id=\"ef6ada5\" data-element_type=\"widget\" data-widget_type=\"heading.default\">\n\t\t\t\t<div class=\"elementor-widget-container\">\n\t\t\t\t\t<h2 class=\"elementor-heading-title elementor-size-default\">What is the Support Group?<\/h2>\t\t\t\t<\/div>\n\t\t\t\t<\/div>\n\t\t\t\t<div class=\"elementor-element elementor-element-dd55d61 elementor-widget__width-initial elementor-widget elementor-widget-text-editor\" data-id=\"dd55d61\" data-element_type=\"widget\" data-widget_type=\"text-editor.default\">\n\t\t\t\t<div class=\"elementor-widget-container\">\n\t\t\t\t\t\t\t\t\t<p>It is a safe virtual space where Dr. Betances&#039; patients will have the freedom to share experiences with their peers, learn from the Bariatric Institute&#039;s medical team, and maintain focus and motivation through accountability and participation in group activities.<\/p><p>Support Group Features:<\/p><p>\u2022 Mixed: men and women.<\/p><p>\u2022 Valid for all bariatric procedures: from bypass to gastric balloon.<\/p><p>\u2022 Completely online.<\/p><p>\u2022 A secure space for members to freely share their experiences via instant messaging on Slack.<\/p><p>\u2022 Exclusive regular Zoom meetings with <a href=\"https:\/\/www.instagram.com\/gordita.fit\/\" target=\"_blank\" rel=\"noopener\"><strong>@gordita.fit<\/strong><\/a><\/p>\t\t\t\t\t\t\t\t<\/div>\n\t\t\t\t<\/div>\n\t\t\t\t<\/div>\n\t\t<div class=\"elementor-element elementor-element-343d960 e-con-full e-flex e-con e-child\" data-id=\"343d960\" data-element_type=\"container\">\n\t\t\t\t<div class=\"elementor-element elementor-element-a712ba9 elementor-widget elementor-widget-image\" data-id=\"a712ba9\" data-element_type=\"widget\" data-widget_type=\"image.default\">\n\t\t\t\t<div class=\"elementor-widget-container\">\n\t\t\t\t\t\t\t\t\t\t\t\t\t\t\t<img decoding=\"async\" width=\"850\" height=\"580\" src=\"https:\/\/bariatrica.com\/wp-content\/uploads\/2024\/09\/pacientes-grupo-1.webp\" class=\"attachment-full size-full wp-image-1145\" alt=\"\" srcset=\"https:\/\/bariatrica.com\/wp-content\/uploads\/2024\/09\/pacientes-grupo-1.webp 850w, https:\/\/bariatrica.com\/wp-content\/uploads\/2024\/09\/pacientes-grupo-1-300x205.webp 300w, https:\/\/bariatrica.com\/wp-content\/uploads\/2024\/09\/pacientes-grupo-1-768x524.webp 768w\" sizes=\"(max-width: 850px) 100vw, 850px\" \/>\t\t\t\t\t\t\t\t\t\t\t\t\t\t\t<\/div>\n\t\t\t\t<\/div>\n\t\t\t\t<\/div>\n\t\t\t\t<\/div>\n\t\t<div class=\"elementor-element elementor-element-e5f6815 e-con-full e-flex e-con e-parent\" data-id=\"e5f6815\" data-element_type=\"container\">\n\t\t<div class=\"elementor-element elementor-element-e59e5c9 e-con-full e-flex e-con e-child\" data-id=\"e59e5c9\" data-element_type=\"container\">\n\t\t\t\t<div class=\"elementor-element elementor-element-fed2c3f elementor-widget elementor-widget-image\" data-id=\"fed2c3f\" data-element_type=\"widget\" data-widget_type=\"image.default\">\n\t\t\t\t<div class=\"elementor-widget-container\">\n\t\t\t\t\t\t\t\t\t\t\t\t\t\t\t<img decoding=\"async\" width=\"850\" height=\"879\" src=\"https:\/\/bariatrica.com\/wp-content\/uploads\/2024\/09\/pacientes-grupo-dayana-rodriguez.webp\" class=\"attachment-full size-full wp-image-1147\" alt=\"\" srcset=\"https:\/\/bariatrica.com\/wp-content\/uploads\/2024\/09\/pacientes-grupo-dayana-rodriguez.webp 850w, https:\/\/bariatrica.com\/wp-content\/uploads\/2024\/09\/pacientes-grupo-dayana-rodriguez-290x300.webp 290w, https:\/\/bariatrica.com\/wp-content\/uploads\/2024\/09\/pacientes-grupo-dayana-rodriguez-768x794.webp 768w\" sizes=\"(max-width: 850px) 100vw, 850px\" \/>\t\t\t\t\t\t\t\t\t\t\t\t\t\t\t<\/div>\n\t\t\t\t<\/div>\n\t\t\t\t<\/div>\n\t\t<div class=\"elementor-element elementor-element-319f945 e-con-full e-flex e-con e-child\" data-id=\"319f945\" data-element_type=\"container\">\n\t\t\t\t<div class=\"elementor-element elementor-element-85171a9 elementor-widget-tablet__width-initial elementor-widget elementor-widget-heading\" data-id=\"85171a9\" data-element_type=\"widget\" data-widget_type=\"heading.default\">\n\t\t\t\t<div class=\"elementor-widget-container\">\n\t\t\t\t\t<h2 class=\"elementor-heading-title elementor-size-default\">About Dayana Rodr\u00edguez from @gordita.fit<\/h2>\t\t\t\t<\/div>\n\t\t\t\t<\/div>\n\t\t\t\t<div class=\"elementor-element elementor-element-d41432c elementor-widget__width-initial elementor-widget elementor-widget-text-editor\" data-id=\"d41432c\" data-element_type=\"widget\" data-widget_type=\"text-editor.default\">\n\t\t\t\t<div class=\"elementor-widget-container\">\n\t\t\t\t\t\t\t\t\t<p>A gastric sleeve bariatric patient of Dr. Luis A. Betances since July 2018. She had been chubby all her life until she decided to get it back. If anyone knows what it&#039;s like to suffer from weight, body image, social pressure, criticism, and bullying, it&#039;s her. That&#039;s why she&#039;s passionate about healing the emotional causes of excess weight and combining mental work with a proven solution for obesity.<\/p><p>Founder of Gordita Fit, a movement that seeks to spread the message that being overweight is a symptom of a larger problem and requires working on body, mind, and soul from a platform of love and personal power.<\/p><p>Creator of the Gordita Fit Support Group, just for women, and the Gordita Fit Bariatric Plate, a portion control and support tool.<\/p><p>Economist by profession with a Master&#039;s degree in Applied Economics.<br \/>Certified Coach in the Psychology of Eating.<\/p><blockquote><p>I love helping people overcome their hang-ups and heal their relationship with food and weight. Addressing weight isn&#039;t just about diet and exercise. Emotional work and belonging to a community increase your chances of long-term success.<\/p><\/blockquote>\t\t\t\t\t\t\t\t<\/div>\n\t\t\t\t<\/div>\n\t\t\t\t<div class=\"elementor-element elementor-element-8eb55d5 elementor-widget elementor-widget-heading\" data-id=\"8eb55d5\" data-element_type=\"widget\" data-widget_type=\"heading.default\">\n\t\t\t\t<div class=\"elementor-widget-container\">\n\t\t\t\t\t<h4 class=\"elementor-heading-title elementor-size-default\">Contact Dayana to join the Support Group<\/h4>\t\t\t\t<\/div>\n\t\t\t\t<\/div>\n\t\t<div class=\"elementor-element elementor-element-00ba48c e-con-full e-flex e-con e-child\" data-id=\"00ba48c\" data-element_type=\"container\">\n\t\t\t\t<div class=\"elementor-element elementor-element-572a024 elementor-align-justify elementor-widget__width-initial elementor-widget elementor-widget-button\" data-id=\"572a024\" data-element_type=\"widget\" data-widget_type=\"button.default\">\n\t\t\t\t<div class=\"elementor-widget-container\">\n\t\t\t\t\t\t\t\t\t<div class=\"elementor-button-wrapper\">\n\t\t\t\t\t<a class=\"elementor-button elementor-button-link elementor-size-sm\" href=\"https:\/\/api.whatsapp.com\/send\/?phone=18294700903&#038;text=Soy+paciente+de+Betances+y+me+interesa+el+grupo+de+apoyo&#038;type=phone_number&#038;app_absent=0\" target=\"_blank\" rel=\"nofollow\">\n\t\t\t\t\t\t<span class=\"elementor-button-content-wrapper\">\n\t\t\t\t\t\t<span class=\"elementor-button-icon\">\n\t\t\t\t<svg xmlns=\"http:\/\/www.w3.org\/2000\/svg\" xmlns:xlink=\"http:\/\/www.w3.org\/1999\/xlink\" id=\"Untitled-P%E1gina%201\" viewbox=\"0 0 25 25\" style=\"background-color:#ffffff00\" xml:space=\"preserve\" x=\"0px\" y=\"0px\" width=\"25px\" height=\"25px\">\t<g>\t\t<path id=\"Elipse\" d=\"M 0 12.5 C 0 5.5964 5.5964 0 12.5 0 C 19.4036 0 25 5.5964 25 12.5 C 25 19.4036 19.4036 25 12.5 25 C 5.5964 25 0 19.4036 0 12.5 Z\" fill=\"#25d366\"><\/path>\t\t<g>\t\t\t<path d=\"M 17.1618 7.8042 C 15.9174 6.5654 14.2618 5.8831 12.4996 5.8823 C 10.7416 5.8823 9.0834 6.5645 7.8306 7.8027 C 6.5757 9.0432 5.884 10.6919 5.8823 12.4385 L 5.8823 12.4409 L 5.8823 12.4419 C 5.8826 13.499 6.1606 14.5659 6.6884 15.5396 L 5.9005 19.1177 L 9.5233 18.2944 C 10.4408 18.7563 11.4647 19 12.4971 19.0002 L 12.4998 19.0002 C 14.2576 19.0002 15.9158 18.3184 17.1688 17.0798 C 18.4248 15.8384 19.1169 14.1919 19.1177 12.4438 C 19.1182 10.708 18.4236 9.0605 17.1618 7.8042 ZM 12.4996 17.9673 L 12.4974 17.9673 C 11.5703 17.9668 10.6516 17.7344 9.8408 17.2944 L 9.6696 17.2017 L 7.2605 17.749 L 7.7838 15.3733 L 7.6829 15.1997 C 7.1813 14.3354 6.9164 13.3816 6.9164 12.4409 C 6.9183 9.3955 9.4227 6.9153 12.4995 6.9153 C 13.986 6.916 15.3826 7.4917 16.4321 8.5361 C 17.4975 9.5969 18.0841 10.9844 18.0836 12.4434 C 18.0824 15.4893 15.5775 17.9673 12.4996 17.9673 Z\" fill=\"#ffffff\"><\/path>\t\t\t<path d=\"M 10.699 9.5493 L 10.409 9.5493 C 10.308 9.5493 10.144 9.5874 10.0054 9.738 C 9.8665 9.8889 9.4755 10.2534 9.4755 10.9951 C 9.4755 11.7368 10.018 12.4534 10.0936 12.5537 C 10.1694 12.6543 11.1407 14.2246 12.6793 14.8291 C 13.958 15.3311 14.2183 15.2312 14.4957 15.2061 C 14.7732 15.1812 15.3914 14.8416 15.5175 14.4897 C 15.6437 14.1377 15.6437 13.8359 15.6058 13.7729 C 15.5679 13.7104 15.4669 13.6726 15.3156 13.5972 C 15.1642 13.522 14.4224 13.1509 14.2837 13.1006 C 14.1447 13.0503 14.0439 13.0254 13.9429 13.1763 C 13.842 13.3269 13.5447 13.6753 13.4565 13.7759 C 13.3682 13.8767 13.2798 13.8894 13.1285 13.814 C 12.977 13.7383 12.4944 13.5764 11.9162 13.063 C 11.4662 12.6633 11.1538 12.1538 11.0655 12.0029 C 10.9772 11.8523 11.0561 11.7705 11.1319 11.6953 C 11.2 11.6279 11.2919 11.5356 11.3676 11.4478 C 11.4431 11.3599 11.4647 11.2969 11.5152 11.1963 C 11.5656 11.0957 11.5403 11.0078 11.5026 10.9321 C 11.4647 10.8569 11.1742 10.1116 11.0397 9.8135 L 11.0397 9.8135 C 10.9264 9.5625 10.8068 9.554 10.699 9.5493 Z\" fill=\"#ffffff\"><\/path>\t\t<\/g>\t<\/g><\/svg>\t\t\t<\/span>\n\t\t\t\t\t\t\t\t\t<span class=\"elementor-button-text\">WhatsApp<\/span>\n\t\t\t\t\t<\/span>\n\t\t\t\t\t<\/a>\n\t\t\t\t<\/div>\n\t\t\t\t\t\t\t\t<\/div>\n\t\t\t\t<\/div>\n\t\t\t\t<div class=\"elementor-element elementor-element-7f149fa elementor-align-justify elementor-widget__width-initial elementor-widget elementor-widget-button\" data-id=\"7f149fa\" data-element_type=\"widget\" data-widget_type=\"button.default\">\n\t\t\t\t<div class=\"elementor-widget-container\">\n\t\t\t\t\t\t\t\t\t<div class=\"elementor-button-wrapper\">\n\t\t\t\t\t<a class=\"elementor-button elementor-button-link elementor-size-sm\" href=\"https:\/\/mailchi.mp\/92a11094ca90\/grupoapoyobariatrico\" target=\"_blank\" rel=\"nofollow\">\n\t\t\t\t\t\t<span class=\"elementor-button-content-wrapper\">\n\t\t\t\t\t\t\t\t\t<span class=\"elementor-button-text\">+ More information<\/span>\n\t\t\t\t\t<\/span>\n\t\t\t\t\t<\/a>\n\t\t\t\t<\/div>\n\t\t\t\t\t\t\t\t<\/div>\n\t\t\t\t<\/div>\n\t\t\t\t<\/div>\n\t\t\t\t<\/div>\n\t\t\t\t<\/div>\n\t\t<div class=\"elementor-element elementor-element-79c4fa1 e-con-full e-flex e-con e-parent\" data-id=\"79c4fa1\" data-element_type=\"container\">\n\t\t\t\t<div class=\"elementor-element elementor-element-4356add elementor-widget elementor-widget-template\" data-id=\"4356add\" data-element_type=\"widget\" data-widget_type=\"template.default\">\n\t\t\t\t<div class=\"elementor-widget-container\">\n\t\t\t\t\t\t\t<div class=\"elementor-template\">\r\n\t\t\t\t\t<div data-elementor-type=\"section\" data-elementor-id=\"931\" class=\"elementor elementor-931\" data-elementor-post-type=\"elementor_library\">\r\n\t\t\t<div class=\"elementor-element elementor-element-48712a1 e-flex e-con-boxed e-con e-parent\" data-id=\"48712a1\" data-element_type=\"container\">\n\t\t\t\t\t<div class=\"e-con-inner\">\n\t\t\t\t<div class=\"elementor-element elementor-element-92651f6 elementor-widget elementor-widget-heading\" data-id=\"92651f6\" data-element_type=\"widget\" data-widget_type=\"heading.default\">\n\t\t\t\t<div class=\"elementor-widget-container\">\n\t\t\t\t\t<h6 class=\"elementor-heading-title elementor-size-default\"><a href=\"https:\/\/bariatrica.com\/en\/bibliografia\/\" target=\"_blank\" rel=\"nofollow\">Bibliographic sources<\/a><\/h6>\t\t\t\t<\/div>\n\t\t\t\t<\/div>\n\t\t\t\t\t<\/div>\n\t\t\t\t<\/div>\n\t\t\t\t<\/div>\r\n\t\t\t\t<\/div>\r\n\t\t\t\t\t\t<\/div>\n\t\t\t\t<\/div>\n\t\t\t\t<\/div>\n\t\t\t\t<\/div>","protected":false},"excerpt":{"rendered":"<p>La cirug\u00eda bari\u00e1trica es por si sola una herramienta poderosa para la p\u00e9rdida de peso. Sin embargo, como la literatura m\u00e9dica muestra, es importante contar con el componente de comunidad que asista al paciente alcanzar el peso deseado y mantenerlo a largo plazo. La participaci\u00f3n en las actividades de grupos de apoyo puede mejorar los [&hellip;]<\/p>","protected":false},"author":1,"featured_media":0,"parent":1057,"menu_order":3,"comment_status":"closed","ping_status":"closed","template":"elementor_header_footer","meta":{"_acf_changed":false,"inline_featured_image":false,"footnotes":""},"class_list":["post-1065","page","type-page","status-publish","hentry"],"acf":[],"aioseo_notices":[],"_links":{"self":[{"href":"https:\/\/bariatrica.com\/en\/wp-json\/wp\/v2\/pages\/1065","targetHints":{"allow":["GET"]}}],"collection":[{"href":"https:\/\/bariatrica.com\/en\/wp-json\/wp\/v2\/pages"}],"about":[{"href":"https:\/\/bariatrica.com\/en\/wp-json\/wp\/v2\/types\/page"}],"author":[{"embeddable":true,"href":"https:\/\/bariatrica.com\/en\/wp-json\/wp\/v2\/users\/1"}],"replies":[{"embeddable":true,"href":"https:\/\/bariatrica.com\/en\/wp-json\/wp\/v2\/comments?post=1065"}],"version-history":[{"count":55,"href":"https:\/\/bariatrica.com\/en\/wp-json\/wp\/v2\/pages\/1065\/revisions"}],"predecessor-version":[{"id":1783,"href":"https:\/\/bariatrica.com\/en\/wp-json\/wp\/v2\/pages\/1065\/revisions\/1783"}],"up":[{"embeddable":true,"href":"https:\/\/bariatrica.com\/en\/wp-json\/wp\/v2\/pages\/1057"}],"wp:attachment":[{"href":"https:\/\/bariatrica.com\/en\/wp-json\/wp\/v2\/media?parent=1065"}],"curies":[{"name":"wp","href":"https:\/\/api.w.org\/{rel}","templated":true}]}}