{"id":367,"date":"2024-08-22T01:19:16","date_gmt":"2024-08-21T23:19:16","guid":{"rendered":"https:\/\/bariatrica.com\/?page_id=367"},"modified":"2024-09-09T02:34:30","modified_gmt":"2024-09-09T00:34:30","slug":"nosotros","status":"publish","type":"page","link":"https:\/\/bariatrica.com\/en\/nosotros\/","title":{"rendered":"Us"},"content":{"rendered":"<div data-elementor-type=\"wp-page\" data-elementor-id=\"367\" class=\"elementor elementor-367\" data-elementor-post-type=\"page\">\n\t\t\t\t<div class=\"elementor-element elementor-element-0b4cb64 e-flex e-con-boxed e-con e-parent\" data-id=\"0b4cb64\" data-element_type=\"container\" data-settings=\"{&quot;background_background&quot;:&quot;classic&quot;}\">\n\t\t\t\t\t<div class=\"e-con-inner\">\n\t\t\t\t<div class=\"elementor-element elementor-element-da06c63 elementor-widget elementor-widget-heading\" data-id=\"da06c63\" data-element_type=\"widget\" data-widget_type=\"heading.default\">\n\t\t\t\t<div class=\"elementor-widget-container\">\n\t\t\t\t\t<h1 class=\"elementor-heading-title elementor-size-default\">Us<\/h1>\t\t\t\t<\/div>\n\t\t\t\t<\/div>\n\t\t\t\t\t<\/div>\n\t\t\t\t<\/div>\n\t\t<div class=\"elementor-element elementor-element-7175e4f e-con-full e-flex e-con e-parent\" data-id=\"7175e4f\" data-element_type=\"container\">\n\t\t<div class=\"elementor-element elementor-element-b98016c e-con-full e-flex e-con e-child\" data-id=\"b98016c\" data-element_type=\"container\">\n\t\t\t\t<div class=\"elementor-element elementor-element-90d5e94 elementor-widget elementor-widget-heading\" data-id=\"90d5e94\" data-element_type=\"widget\" data-widget_type=\"heading.default\">\n\t\t\t\t<div class=\"elementor-widget-container\">\n\t\t\t\t\t<h2 class=\"elementor-heading-title elementor-size-default\">Our History<\/h2>\t\t\t\t<\/div>\n\t\t\t\t<\/div>\n\t\t\t\t<div class=\"elementor-element elementor-element-392f19a elementor-widget elementor-widget-heading\" data-id=\"392f19a\" data-element_type=\"widget\" data-widget_type=\"heading.default\">\n\t\t\t\t<div class=\"elementor-widget-container\">\n\t\t\t\t\t<p class=\"elementor-heading-title elementor-size-default\">The Dr. Luis Betances Institute of Bariatric and Metabolic Surgery was founded in 2003. <\/p>\t\t\t\t<\/div>\n\t\t\t\t<\/div>\n\t\t\t\t<\/div>\n\t\t<div class=\"elementor-element elementor-element-e9bf313 e-con-full e-flex e-con e-child\" data-id=\"e9bf313\" data-element_type=\"container\">\n\t\t\t\t<div class=\"elementor-element elementor-element-fad494c elementor-widget elementor-widget-image\" data-id=\"fad494c\" data-element_type=\"widget\" data-widget_type=\"image.default\">\n\t\t\t\t<div class=\"elementor-widget-container\">\n\t\t\t\t\t\t\t\t\t\t\t\t\t\t\t<img fetchpriority=\"high\" decoding=\"async\" width=\"848\" height=\"477\" src=\"https:\/\/bariatrica.com\/wp-content\/uploads\/2024\/08\/nosotros-historia.webp\" class=\"attachment-full size-full wp-image-382\" alt=\"\" srcset=\"https:\/\/bariatrica.com\/wp-content\/uploads\/2024\/08\/nosotros-historia.webp 848w, https:\/\/bariatrica.com\/wp-content\/uploads\/2024\/08\/nosotros-historia-300x169.webp 300w, https:\/\/bariatrica.com\/wp-content\/uploads\/2024\/08\/nosotros-historia-768x432.webp 768w\" sizes=\"(max-width: 848px) 100vw, 848px\" \/>\t\t\t\t\t\t\t\t\t\t\t\t\t\t\t<\/div>\n\t\t\t\t<\/div>\n\t\t\t\t<\/div>\n\t\t<div class=\"elementor-element elementor-element-56c8048 e-con-full e-flex e-con e-child\" data-id=\"56c8048\" data-element_type=\"container\">\n\t\t\t\t<div class=\"elementor-element elementor-element-69e7842 elementor-widget__width-initial elementor-widget elementor-widget-text-editor\" data-id=\"69e7842\" data-element_type=\"widget\" data-widget_type=\"text-editor.default\">\n\t\t\t\t<div class=\"elementor-widget-container\">\n\t\t\t\t\t\t\t\t\t<p>Formed by a multidisciplinary team of highly trained professionals, with the common goal of providing definitive treatment to patients affected by severe obesity, accompanied by periodic monitoring to ensure healthy weight loss.<\/p><p>The Institute&#039;s operations center is the Center for Diagnostics, Advanced Medicine, Medical Conferences, and Telemedicine (CEDIMAT) in Santo Domingo; the Northern Medical Union; and the Metropolitan Hospital of Santiago (HOMS) in Santiago de los Caballeros.<\/p><p>We believe that extraordinary patient care is the key to weight loss success. That&#039;s why we take a holistic approach to healthcare to ensure our patients understand their options and feel empowered by their choices. As a team, we help patients live happier, healthier, and more active lives.<\/p><p>We are the only institution in Central America and the Caribbean that has received the mention <strong>Total Patient Care<\/strong> and we are currently one step away from being classified as a Center of Excellence.<\/p>\t\t\t\t\t\t\t\t<\/div>\n\t\t\t\t<\/div>\n\t\t\t\t<\/div>\n\t\t\t\t<\/div>\n\t\t<div class=\"elementor-element elementor-element-2d67a8c e-flex e-con-boxed e-con e-parent\" data-id=\"2d67a8c\" data-element_type=\"container\">\n\t\t\t\t\t<div class=\"e-con-inner\">\n\t\t\t\t<div class=\"elementor-element elementor-element-5c4d3de elementor-widget elementor-widget-heading\" data-id=\"5c4d3de\" data-element_type=\"widget\" data-widget_type=\"heading.default\">\n\t\t\t\t<div class=\"elementor-widget-container\">\n\t\t\t\t\t<h2 class=\"elementor-heading-title elementor-size-default\">Why have surgery with us?<\/h2>\t\t\t\t<\/div>\n\t\t\t\t<\/div>\n\t\t\t\t<div class=\"elementor-element elementor-element-195e109 elementor-widget elementor-widget-heading\" data-id=\"195e109\" data-element_type=\"widget\" data-widget_type=\"heading.default\">\n\t\t\t\t<div class=\"elementor-widget-container\">\n\t\t\t\t\t<h4 class=\"elementor-heading-title elementor-size-default\"><strong>If you want to make a change in your life.<\/strong> You&#039;re committed to adopting a healthier lifestyle. You want to be sure your health is in good hands.<\/h4>\t\t\t\t<\/div>\n\t\t\t\t<\/div>\n\t\t\t\t<div class=\"elementor-element elementor-element-02e8b3a elementor-widget elementor-widget-text-editor\" data-id=\"02e8b3a\" data-element_type=\"widget\" data-widget_type=\"text-editor.default\">\n\t\t\t\t<div class=\"elementor-widget-container\">\n\t\t\t\t\t\t\t\t\t<p><strong>If you want all this, we invite you to come to us and learn about all the benefits we offer:<\/strong><\/p><p>Consult with one of the best bariatric surgeons in the country and the Caribbean. He will explain in detail the procedures he performs and determine the most beneficial and appropriate option for you based on your condition.<\/p><p><strong>Once you decide to enter the process you will be told:<\/strong><\/p>\t\t\t\t\t\t\t\t<\/div>\n\t\t\t\t<\/div>\n\t\t\t\t\t<\/div>\n\t\t\t\t<\/div>\n\t\t<div class=\"elementor-element elementor-element-fb15488 e-flex e-con-boxed e-con e-parent\" data-id=\"fb15488\" data-element_type=\"container\">\n\t\t\t\t\t<div class=\"e-con-inner\">\n\t\t<div class=\"elementor-element elementor-element-09bb631 e-con-full e-flex e-con e-child\" data-id=\"09bb631\" data-element_type=\"container\">\n\t\t<div class=\"elementor-element elementor-element-b0f3360 e-con-full e-flex e-con e-child\" data-id=\"b0f3360\" data-element_type=\"container\">\n\t\t\t\t<div class=\"elementor-element elementor-element-c7d2126 elementor-widget elementor-widget-image\" data-id=\"c7d2126\" data-element_type=\"widget\" data-widget_type=\"image.default\">\n\t\t\t\t<div class=\"elementor-widget-container\">\n\t\t\t\t\t\t\t\t\t\t\t\t\t\t\t<img decoding=\"async\" width=\"77\" height=\"89\" src=\"https:\/\/bariatrica.com\/wp-content\/uploads\/2024\/09\/beneficios-01.png\" class=\"attachment-large size-large wp-image-466\" alt=\"\" \/>\t\t\t\t\t\t\t\t\t\t\t\t\t\t\t<\/div>\n\t\t\t\t<\/div>\n\t\t\t\t<\/div>\n\t\t<div class=\"elementor-element elementor-element-d34f178 e-con-full e-flex e-con e-child\" data-id=\"d34f178\" data-element_type=\"container\">\n\t\t\t\t<div class=\"elementor-element elementor-element-d007394 elementor-widget elementor-widget-heading\" data-id=\"d007394\" data-element_type=\"widget\" data-widget_type=\"heading.default\">\n\t\t\t\t<div class=\"elementor-widget-container\">\n\t\t\t\t\t<p class=\"elementor-heading-title elementor-size-default\">General analytics<\/p>\t\t\t\t<\/div>\n\t\t\t\t<\/div>\n\t\t\t\t<\/div>\n\t\t\t\t<\/div>\n\t\t<div class=\"elementor-element elementor-element-709047f e-con-full e-flex e-con e-child\" data-id=\"709047f\" data-element_type=\"container\">\n\t\t<div class=\"elementor-element elementor-element-15478c8 e-con-full e-flex e-con e-child\" data-id=\"15478c8\" data-element_type=\"container\">\n\t\t\t\t<div class=\"elementor-element elementor-element-796c16a elementor-widget elementor-widget-image\" data-id=\"796c16a\" data-element_type=\"widget\" data-widget_type=\"image.default\">\n\t\t\t\t<div class=\"elementor-widget-container\">\n\t\t\t\t\t\t\t\t\t\t\t\t\t\t\t<img decoding=\"async\" width=\"98\" height=\"81\" src=\"https:\/\/bariatrica.com\/wp-content\/uploads\/2024\/09\/beneficios-02.png\" class=\"attachment-large size-large wp-image-465\" alt=\"\" \/>\t\t\t\t\t\t\t\t\t\t\t\t\t\t\t<\/div>\n\t\t\t\t<\/div>\n\t\t\t\t<\/div>\n\t\t<div class=\"elementor-element elementor-element-66db554 e-con-full e-flex e-con e-child\" data-id=\"66db554\" data-element_type=\"container\">\n\t\t\t\t<div class=\"elementor-element elementor-element-e1de347 elementor-widget elementor-widget-heading\" data-id=\"e1de347\" data-element_type=\"widget\" data-widget_type=\"heading.default\">\n\t\t\t\t<div class=\"elementor-widget-container\">\n\t\t\t\t\t<p class=\"elementor-heading-title elementor-size-default\">Multidisciplinary support: departments of surgery, nutrition, pulmonology, cardiology, gastroenterology, general medicine and psychiatry.<\/p>\t\t\t\t<\/div>\n\t\t\t\t<\/div>\n\t\t\t\t<\/div>\n\t\t\t\t<\/div>\n\t\t<div class=\"elementor-element elementor-element-daad68a e-con-full e-flex e-con e-child\" data-id=\"daad68a\" data-element_type=\"container\">\n\t\t<div class=\"elementor-element elementor-element-23a45e3 e-con-full e-flex e-con e-child\" data-id=\"23a45e3\" data-element_type=\"container\">\n\t\t\t\t<div class=\"elementor-element elementor-element-af8a2f6 elementor-widget elementor-widget-image\" data-id=\"af8a2f6\" data-element_type=\"widget\" data-widget_type=\"image.default\">\n\t\t\t\t<div class=\"elementor-widget-container\">\n\t\t\t\t\t\t\t\t\t\t\t\t\t\t\t<img loading=\"lazy\" decoding=\"async\" width=\"98\" height=\"98\" src=\"https:\/\/bariatrica.com\/wp-content\/uploads\/2024\/09\/beneficios-03.png\" class=\"attachment-large size-large wp-image-464\" alt=\"\" \/>\t\t\t\t\t\t\t\t\t\t\t\t\t\t\t<\/div>\n\t\t\t\t<\/div>\n\t\t\t\t<\/div>\n\t\t<div class=\"elementor-element elementor-element-c7067c6 e-con-full e-flex e-con e-child\" data-id=\"c7067c6\" data-element_type=\"container\">\n\t\t\t\t<div class=\"elementor-element elementor-element-f5a57ad elementor-widget elementor-widget-heading\" data-id=\"f5a57ad\" data-element_type=\"widget\" data-widget_type=\"heading.default\">\n\t\t\t\t<div class=\"elementor-widget-container\">\n\t\t\t\t\t<p class=\"elementor-heading-title elementor-size-default\">Complementary studies<\/p>\t\t\t\t<\/div>\n\t\t\t\t<\/div>\n\t\t\t\t<\/div>\n\t\t\t\t<\/div>\n\t\t<div class=\"elementor-element elementor-element-dee2a3e e-con-full e-flex e-con e-child\" data-id=\"dee2a3e\" data-element_type=\"container\">\n\t\t<div class=\"elementor-element elementor-element-58cd8be e-con-full e-flex e-con e-child\" data-id=\"58cd8be\" data-element_type=\"container\">\n\t\t\t\t<div class=\"elementor-element elementor-element-32d2a1a elementor-widget elementor-widget-image\" data-id=\"32d2a1a\" data-element_type=\"widget\" data-widget_type=\"image.default\">\n\t\t\t\t<div class=\"elementor-widget-container\">\n\t\t\t\t\t\t\t\t\t\t\t\t\t\t\t<img loading=\"lazy\" decoding=\"async\" width=\"90\" height=\"98\" src=\"https:\/\/bariatrica.com\/wp-content\/uploads\/2024\/09\/beneficios-04.png\" class=\"attachment-large size-large wp-image-463\" alt=\"\" \/>\t\t\t\t\t\t\t\t\t\t\t\t\t\t\t<\/div>\n\t\t\t\t<\/div>\n\t\t\t\t<\/div>\n\t\t<div class=\"elementor-element elementor-element-a5563de e-con-full e-flex e-con e-child\" data-id=\"a5563de\" data-element_type=\"container\">\n\t\t\t\t<div class=\"elementor-element elementor-element-5404492 elementor-widget__width-initial elementor-widget elementor-widget-heading\" data-id=\"5404492\" data-element_type=\"widget\" data-widget_type=\"heading.default\">\n\t\t\t\t<div class=\"elementor-widget-container\">\n\t\t\t\t\t<p class=\"elementor-heading-title elementor-size-default\">Rigorous post-surgical follow-up: nutritional, based on diets and general measures to ensure short- and long-term success after the procedure.<\/p>\t\t\t\t<\/div>\n\t\t\t\t<\/div>\n\t\t\t\t<\/div>\n\t\t\t\t<\/div>\n\t\t<div class=\"elementor-element elementor-element-c9e6630 e-con-full e-flex e-con e-child\" data-id=\"c9e6630\" data-element_type=\"container\">\n\t\t<div class=\"elementor-element elementor-element-d4f3ba2 e-con-full e-flex e-con e-child\" data-id=\"d4f3ba2\" data-element_type=\"container\">\n\t\t\t\t<div class=\"elementor-element elementor-element-0f33b52 elementor-widget elementor-widget-image\" data-id=\"0f33b52\" data-element_type=\"widget\" data-widget_type=\"image.default\">\n\t\t\t\t<div class=\"elementor-widget-container\">\n\t\t\t\t\t\t\t\t\t\t\t\t\t\t\t<img loading=\"lazy\" decoding=\"async\" width=\"98\" height=\"98\" src=\"https:\/\/bariatrica.com\/wp-content\/uploads\/2024\/09\/beneficios-05.png\" class=\"attachment-large size-large wp-image-462\" alt=\"\" \/>\t\t\t\t\t\t\t\t\t\t\t\t\t\t\t<\/div>\n\t\t\t\t<\/div>\n\t\t\t\t<\/div>\n\t\t<div class=\"elementor-element elementor-element-4752501 e-con-full e-flex e-con e-child\" data-id=\"4752501\" data-element_type=\"container\">\n\t\t\t\t<div class=\"elementor-element elementor-element-a9ece75 elementor-widget__width-initial elementor-widget elementor-widget-heading\" data-id=\"a9ece75\" data-element_type=\"widget\" data-widget_type=\"heading.default\">\n\t\t\t\t<div class=\"elementor-widget-container\">\n\t\t\t\t\t<p class=\"elementor-heading-title elementor-size-default\">Agents available at any time to answer any questions.<\/p>\t\t\t\t<\/div>\n\t\t\t\t<\/div>\n\t\t\t\t<\/div>\n\t\t\t\t<\/div>\n\t\t<div class=\"elementor-element elementor-element-00741c9 e-con-full e-flex e-con e-child\" data-id=\"00741c9\" data-element_type=\"container\">\n\t\t\t\t<div class=\"elementor-element elementor-element-8625121 elementor-widget elementor-widget-text-editor\" data-id=\"8625121\" data-element_type=\"widget\" data-widget_type=\"text-editor.default\">\n\t\t\t\t<div class=\"elementor-widget-container\">\n\t\t\t\t\t\t\t\t\tIt&#039;s worth noting that our team includes highly trained personnel, top-quality, cutting-edge equipment for performing the procedure, and a center equipped with everything necessary to ensure the patient&#039;s success both during and after surgery.\t\t\t\t\t\t\t\t<\/div>\n\t\t\t\t<\/div>\n\t\t\t\t<\/div>\n\t\t\t\t\t<\/div>\n\t\t\t\t<\/div>\n\t\t<div class=\"elementor-element elementor-element-0c561aa e-con-full e-flex e-con e-parent\" data-id=\"0c561aa\" data-element_type=\"container\">\n\t\t\t\t<div class=\"elementor-element elementor-element-504a303 elementor-widget elementor-widget-template\" data-id=\"504a303\" data-element_type=\"widget\" data-widget_type=\"template.default\">\n\t\t\t\t<div class=\"elementor-widget-container\">\n\t\t\t\t\t\t\t<div class=\"elementor-template\">\r\n\t\t\t\t\t<div data-elementor-type=\"section\" data-elementor-id=\"482\" class=\"elementor elementor-482\" data-elementor-post-type=\"elementor_library\">\r\n\t\t\t<div class=\"elementor-element elementor-element-fb410dc e-flex e-con-boxed e-con e-parent\" data-id=\"fb410dc\" data-element_type=\"container\" data-settings=\"{&quot;background_background&quot;:&quot;classic&quot;}\">\n\t\t\t\t\t<div class=\"e-con-inner\">\n\t\t\t\t<div class=\"elementor-element elementor-element-a63ce59 elementor-widget elementor-widget-heading\" data-id=\"a63ce59\" data-element_type=\"widget\" data-widget_type=\"heading.default\">\n\t\t\t\t<div class=\"elementor-widget-container\">\n\t\t\t\t\t<h4 class=\"elementor-heading-title elementor-size-default\">Come to us, we are ready to listen to you and together we will make a change in your life.<\/h4>\t\t\t\t<\/div>\n\t\t\t\t<\/div>\n\t\t\t\t<div class=\"elementor-element elementor-element-ac3f3a5 elementor-align-center elementor-widget elementor-widget-button\" data-id=\"ac3f3a5\" data-element_type=\"widget\" data-widget_type=\"button.default\">\n\t\t\t\t<div class=\"elementor-widget-container\">\n\t\t\t\t\t\t\t\t\t<div class=\"elementor-button-wrapper\">\n\t\t\t\t\t<a class=\"elementor-button elementor-button-link elementor-size-sm\" href=\"https:\/\/bariatrica.com\/en\/contactos\/\">\n\t\t\t\t\t\t<span class=\"elementor-button-content-wrapper\">\n\t\t\t\t\t\t\t\t\t<span class=\"elementor-button-text\">Make a Consultation<\/span>\n\t\t\t\t\t<\/span>\n\t\t\t\t\t<\/a>\n\t\t\t\t<\/div>\n\t\t\t\t\t\t\t\t<\/div>\n\t\t\t\t<\/div>\n\t\t\t\t\t<\/div>\n\t\t\t\t<\/div>\n\t\t\t\t<\/div>\r\n\t\t\t\t<\/div>\r\n\t\t\t\t\t\t<\/div>\n\t\t\t\t<\/div>\n\t\t\t\t<\/div>\n\t\t\t\t<\/div>","protected":false},"excerpt":{"rendered":"<p>Nuestra Historia El Instituto de Cirug\u00eda Bari\u00e1trica y Metab\u00f3lica Dr. Luis Betances surge en el a\u00f1o 2003. Formado por un equipo multidisciplinario de profesionales altamente capacitados, con el objetivo com\u00fan de brindar un tratamiento definitivo a aquellos pacientes afectados por la obesidad severa, acompa\u00f1ado de un seguimiento peri\u00f3dico que garantice una p\u00e9rdida de peso saludable. [&hellip;]<\/p>","protected":false},"author":1,"featured_media":0,"parent":0,"menu_order":0,"comment_status":"closed","ping_status":"closed","template":"elementor_header_footer","meta":{"_acf_changed":false,"inline_featured_image":false,"footnotes":""},"class_list":["post-367","page","type-page","status-publish","hentry"],"acf":[],"aioseo_notices":[],"_links":{"self":[{"href":"https:\/\/bariatrica.com\/en\/wp-json\/wp\/v2\/pages\/367","targetHints":{"allow":["GET"]}}],"collection":[{"href":"https:\/\/bariatrica.com\/en\/wp-json\/wp\/v2\/pages"}],"about":[{"href":"https:\/\/bariatrica.com\/en\/wp-json\/wp\/v2\/types\/page"}],"author":[{"embeddable":true,"href":"https:\/\/bariatrica.com\/en\/wp-json\/wp\/v2\/users\/1"}],"replies":[{"embeddable":true,"href":"https:\/\/bariatrica.com\/en\/wp-json\/wp\/v2\/comments?post=367"}],"version-history":[{"count":76,"href":"https:\/\/bariatrica.com\/en\/wp-json\/wp\/v2\/pages\/367\/revisions"}],"predecessor-version":[{"id":1284,"href":"https:\/\/bariatrica.com\/en\/wp-json\/wp\/v2\/pages\/367\/revisions\/1284"}],"wp:attachment":[{"href":"https:\/\/bariatrica.com\/en\/wp-json\/wp\/v2\/media?parent=367"}],"curies":[{"name":"wp","href":"https:\/\/api.w.org\/{rel}","templated":true}]}}